{"id":897,"date":"2022-02-25T13:27:33","date_gmt":"2022-02-25T16:27:33","guid":{"rendered":"https:\/\/paginas.uepa.br\/dca\/?page_id=897"},"modified":"2026-04-17T10:30:15","modified_gmt":"2026-04-17T13:30:15","slug":"home","status":"publish","type":"page","link":"https:\/\/dca.uepa.br\/","title":{"rendered":"Home"},"content":{"rendered":"\n<style>\n.ast-above-header-wrap  {\nbackground: none;\n}\n<\/style>\n\n\n\n<div class=\"wp-block-uagb-container uagb-block-b239a215 alignfull uagb-is-root-container\"><div class=\"uagb-container__shape uagb-container__shape-bottom uagb-container__invert\" data-negative=\"false\"><svg xmlns=\"https:\/\/www.w3.org\/2000\/svg\" viewBox=\"0 0 1000 100\" preserveAspectRatio=\"none\"><path class=\"uagb-container__shape-fill\" d=\"M0,0c0,0,0,6,0,6.7c0,18,240.2,93.6,615.2,92.6C989.8,98.5,1000,25,1000,6.7c0-0.7,0-6.7,0-6.7H0z\"><\/path><\/svg><\/div><div class=\"uagb-container-inner-blocks-wrap\">\n<div class=\"wp-block-uagb-container uagb-block-6956c188\">\n<div class=\"wp-block-uagb-advanced-heading uagb-block-f6d474cf\"><h1 class=\"uagb-heading-text\"><strong>DCA<\/strong><\/h1><div class=\"uagb-separator\"><\/div><p class=\"uagb-desc-text\"> \u00d3rg\u00e3o Suplementar de Apoio, diretamente subordinado \u00e0 Reitoria. \u00c9 respons\u00e1vel pelo registro&#8230;<\/p><\/div>\n\n\n\n<div class=\"wp-block-uagb-buttons uagb-buttons__outer-wrap uagb-btn__default-btn uagb-btn-tablet__default-btn uagb-btn-mobile__default-btn uagb-block-0fc91cf9\"><div class=\"uagb-buttons__wrap uagb-buttons-layout-wrap\">\n<div class=\"wp-block-uagb-buttons-child uagb-buttons__outer-wrap uagb-block-91337599 wp-block-button\"><div class=\"uagb-button__wrapper\"><a class=\"uagb-buttons-repeater wp-block-button__link\" href=\"https:\/\/dca.uepa.br\/#itens\" onclick=\"return true;\" rel=\"follow noopener\" target=\"_self\"><div class=\"uagb-button__link\">Veja Mais<\/div><\/a><\/div><\/div>\n<\/div><\/div>\n<\/div>\n\n\n\n<div class=\"wp-block-columns is-layout-flex wp-container-core-columns-is-layout-1 wp-block-columns-is-layout-flex\">\n<div class=\"wp-block-column is-layout-flow wp-block-column-is-layout-flow\">\n<div class=\"wp-block-uagb-image alignleft uagb-block-776ad288 wp-block-uagb-image--layout-default wp-block-uagb-image--effect-static wp-block-uagb-image--align-left\"><figure class=\"wp-block-uagb-image__figure\"><img decoding=\"async\" srcset=\"https:\/\/propesp.uepa.br\/wp-content\/uploads\/2022\/11\/logo-uepa-branca_Prancheta-1-1024x724.png \" sizes=\"auto, (max-width: 480px) 150px\" src=\"https:\/\/propesp.uepa.br\/wp-content\/uploads\/2022\/11\/logo-uepa-branca_Prancheta-1-1024x724.png\" alt=\"\" class=\"uag-image-4288\" width=\"192\" height=\"135\" title=\"\" loading=\"lazy\"\/><\/figure><\/div>\n<\/div>\n\n\n\n<div class=\"wp-block-column is-vertically-aligned-bottom uag-hide-tab uag-hide-mob is-layout-flow wp-block-column-is-layout-flow\">\n<div class=\"wp-block-uagb-advanced-heading uagb-block-9a63b0cc\"><h6 class=\"uagb-heading-text\"><strong><a href=\"#itens\">ROLE PARA BAIXO<\/a><\/strong><\/h6><\/div>\n<\/div>\n<\/div>\n<\/div><\/div>\n\n\n\n<div id=\"itens\" class=\"wp-block-uagb-container uagb-block-f8c84819 alignfull uagb-is-root-container\"><div class=\"uagb-container-inner-blocks-wrap\">\n<div class=\"wp-block-uagb-advanced-heading uagb-block-0b8db37c\"><h2 class=\"uagb-heading-text\">Servi\u00e7os R\u00e1pidos <\/h2><div class=\"uagb-separator\"><\/div><\/div>\n\n\n\n<div class=\"wp-block-columns max-width-nulo is-layout-flex wp-container-core-columns-is-layout-2 wp-block-columns-is-layout-flex\">\n<div class=\"wp-block-column is-layout-flow wp-block-column-is-layout-flow\">\n<div class=\"\" style=\"align-items: center; justify-content: center;\">\n                        <button style=\"align-items: center; justify-content: center;line-height: 3rem;\" class=\"btn4Cores botaoRedondo service-icon rounded-circle mx-auto mb-3\" onclick=\"window.location.href='https:\/\/dca.uepa.br\/index.php\/formularios-requerimentos\/'\" formtarget=\"_blank\">\n\n                            <i class=\"fa-sharp fa-solid fa-clipboard\"><\/i>\n                                                  <\/button>\n                        \n                    <\/div>\n\n\n\n<h5 class=\"wp-block-heading has-text-align-center\">Formul\u00e1rios e Requerimentos<\/h5>\n<\/div>\n\n\n\n<div class=\"wp-block-column max-width-nulo is-layout-flow wp-block-column-is-layout-flow\">\n<div class=\"\" style=\"align-items: center; justify-content: center;\">\n                        <button style=\"align-items: center; justify-content: center;line-height: 3rem;\" class=\"btn4Cores botaoRedondo service-icon rounded-circle mx-auto mb-3\" onclick=\"window.location.href='https:\/\/dca.uepa.br\/index.php\/legislacao-de-apoio\/'\">\n                            <i class=\"fa-sharp fa-solid fa-scale-balanced\"><\/i>\n                                                  <\/button>\n                        \n                    <\/div>\n\n\n\n<h5 class=\"wp-block-heading has-text-align-center\">Legisla\u00e7\u00e3o de Apoio<\/h5>\n<\/div>\n\n\n\n<div class=\"wp-block-column max-width-nulo is-layout-flow wp-block-column-is-layout-flow\">\n<div class=\"\" style=\"align-items: center; justify-content: center;\">\n                        <button style=\"align-items: center; justify-content: center;line-height: 3rem;\" class=\"btn4Cores botaoRedondo service-icon rounded-circle mx-auto mb-3\" onclick=\"window.location.href='https:\/\/dca.uepa.br\/index.php\/taxas\/'\">\n                            <i class=\"fa-sharp fa-solid fa-dollar-sign\"><\/i>\n                        \n                    <\/button><\/div>\n\n\n\n<h5 class=\"wp-block-heading has-text-align-center\">Taxas<\/h5>\n<\/div>\n\n\n\n<div class=\"wp-block-column max-width-nulo is-layout-flow wp-block-column-is-layout-flow\">\n<div class=\"\" style=\"align-items: center; justify-content: center;\">\n                        <button style=\"align-items: center; justify-content: center;line-height: 3rem;\" class=\"btn4Cores botaoRedondo service-icon rounded-circle mx-auto mb-3\" onclick=\"window.location.href='https:\/\/dca.uepa.br\/wp-content\/uploads\/2026\/04\/Calendario-final-2026.pdf'\">\n                           <i class=\"fa-sharp fa-solid fa-calendar-days\"><\/i>\n                                                  <\/button>\n                        \n                    <\/div>\n\n\n\n<h5 class=\"wp-block-heading has-text-align-center\">Calend\u00e1rio Acad\u00eamico<\/h5>\n<\/div>\n<\/div>\n<\/div><\/div>\n\n\n\n<div class=\"wp-block-uagb-container uagb-block-964107b4 alignfull uagb-is-root-container\"><div class=\"uagb-container__shape uagb-container__shape-bottom uagb-container__invert\" data-negative=\"false\"><svg xmlns=\"https:\/\/www.w3.org\/2000\/svg\" viewBox=\"0 0 1000 100\" preserveAspectRatio=\"none\"><path class=\"uagb-container__shape-fill\" d=\"M0,0c0,0,0,6,0,6.7c0,18,240.2,93.6,615.2,92.6C989.8,98.5,1000,25,1000,6.7c0-0.7,0-6.7,0-6.7H0z\"><\/path><\/svg><\/div><div class=\"uagb-container-inner-blocks-wrap\">\n<div class=\"wp-block-uagb-advanced-heading uagb-block-eb9372be\"><h2 class=\"uagb-heading-text\">Quem Somos?<\/h2><div class=\"uagb-separator\"><\/div><\/div>\n\n\n\n<div class=\"wp-block-uagb-advanced-heading uagb-block-5b757e64 justify\"><p class=\"uagb-heading-text\">A Diretoria de Controle Acad\u00eamico &#8211; DCA, \u00d3rg\u00e3o Suplementar de Apoio, diretamente subordinado \u00e0 Reitoria. \u00c9 respons\u00e1vel pelo registro, controle e expedi\u00e7\u00e3o de Diplomas, Certificados e outros documentos inerentes \u00e0 vida acad\u00eamica dos alunos dos cursos T\u00e9cnicos, Gradua\u00e7\u00e3o, P\u00f3s-Gradua\u00e7\u00e3o Latu e Strictu Sensu, desta Institui\u00e7\u00e3o de Ensino Superior.<br>Articula-se diretamente com as CRCA\u2019s dos Centros da Capital e com os Setores de Controle Acad\u00eamico, dos Campi da Interioriza\u00e7\u00e3o, os quais desenvolvem o tratamento dos dados e de documentos pessoais, assim como, a organiza\u00e7\u00e3o e a estrutura\u00e7\u00e3o da trajet\u00f3ria acad\u00eamica dos alunos da Gradua\u00e7\u00e3o, no \u00e2mbito desta Universidade.<\/p><\/div>\n\n\n\n<div class=\"wp-block-uagb-advanced-heading uagb-block-26a883a2\"><h2 class=\"uagb-heading-text\">Equipe<\/h2><div class=\"uagb-separator\"><\/div><\/div>\n\n\n\n<div id=\"equipe-1\" class=\"wp-block-uagb-container uagb-block-9f85ac48 alignfull uagb-is-root-container\"><div class=\"uagb-container-inner-blocks-wrap\">\n<div class=\"wp-block-uagb-container uagb-block-a98015b6\">\n<div class=\"wp-block-uagb-advanced-heading uagb-block-dfbfa73d\"><h4 class=\"uagb-heading-text\">Diretor<\/h4><\/div>\n\n\n\n<div class=\"wp-block-uagb-advanced-heading uagb-block-c87155d6\"><p class=\"uagb-heading-text\">Manoel Delmo Silva de Oliveira<\/p><\/div>\n<\/div>\n\n\n\n<div class=\"wp-block-uagb-container uagb-block-66b3a526\">\n<div class=\"wp-block-uagb-advanced-heading uagb-block-6487197e\"><h4 class=\"uagb-heading-text\">Coordenador de Registro e Expedi\u00e7\u00e3o<\/h4><\/div>\n\n\n\n<div class=\"wp-block-uagb-advanced-heading uagb-block-51c19ec9\"><p class=\"uagb-heading-text\">Jo\u00e3o Batista Castanheira Lopes<\/p><\/div>\n<\/div>\n\n\n\n<div class=\"wp-block-uagb-container uagb-block-3ff92a4a\">\n<div class=\"wp-block-uagb-advanced-heading uagb-block-195f8fe9\"><h4 class=\"uagb-heading-text\">Coordenador de Legisla\u00e7\u00e3o e Documenta\u00e7\u00e3o<\/h4><\/div>\n\n\n\n<div class=\"wp-block-uagb-advanced-heading uagb-block-c8ad09a5\"><p class=\"uagb-heading-text\">Mauro Xavier Tembra<\/p><\/div>\n<\/div>\n<\/div><\/div>\n\n\n\n<div id=\"equipe-2\" class=\"wp-block-uagb-container uagb-block-69d9c86f alignfull uagb-is-root-container\"><div class=\"uagb-container-inner-blocks-wrap\">\n<div class=\"wp-block-uagb-container uagb-block-68fea7cb\">\n<div class=\"wp-block-uagb-advanced-heading uagb-block-66dcd448\"><h4 class=\"uagb-heading-text\">Assessoria T\u00e9cnica<\/h4><\/div>\n\n\n\n<div class=\"wp-block-uagb-advanced-heading uagb-block-7534acb4\"><p class=\"uagb-heading-text\">Jos\u00e9 Fadoul; Dannyel Batista; Erick Mamede; Rita de C\u00e1ssia.<\/p><\/div>\n<\/div>\n\n\n\n<div class=\"wp-block-uagb-container uagb-block-f4d04bfe\">\n<div class=\"wp-block-uagb-advanced-heading uagb-block-041ede60\"><h4 class=\"uagb-heading-text\">Assessoria Administrativa<\/h4><\/div>\n\n\n\n<div class=\"wp-block-uagb-advanced-heading uagb-block-26b7bc05\"><p class=\"uagb-heading-text\">Augusto Aguiar;  Larissa Tobias; Leo Tolosa<br><\/p><\/div>\n<\/div>\n\n\n\n<div class=\"wp-block-uagb-container uagb-block-f20f2bf6\">\n<div class=\"wp-block-uagb-advanced-heading uagb-block-da6db42c\"><h4 class=\"uagb-heading-text\">Estagi\u00e1rios<\/h4><\/div>\n\n\n\n<div class=\"wp-block-uagb-advanced-heading uagb-block-0dda32f6\"><p class=\"uagb-heading-text\">Isabelle Maia; Melquisedeque Melo<\/p><\/div>\n<\/div>\n<\/div><\/div>\n\n\n\n<div class=\"wp-block-uagb-advanced-heading uagb-block-62e2abd7\"><h2 class=\"uagb-heading-text\">Organograma<\/h2><div class=\"uagb-separator\"><\/div><\/div>\n\n\n\n<figure class=\"wp-block-image aligncenter size-large is-resized\"><img loading=\"lazy\" decoding=\"async\" width=\"1024\" height=\"637\" src=\"https:\/\/dca.uepa.br\/wp-content\/uploads\/2022\/03\/organograma-1024x637.png\" alt=\"\" class=\"wp-image-1134\" style=\"width:816px;height:508px\" srcset=\"https:\/\/dca.uepa.br\/wp-content\/uploads\/2022\/03\/organograma-1024x637.png 1024w, https:\/\/dca.uepa.br\/wp-content\/uploads\/2022\/03\/organograma-300x187.png 300w, https:\/\/dca.uepa.br\/wp-content\/uploads\/2022\/03\/organograma-768x478.png 768w, https:\/\/dca.uepa.br\/wp-content\/uploads\/2022\/03\/organograma.png 1088w\" sizes=\"auto, (max-width: 1024px) 100vw, 1024px\" \/><\/figure>\n<\/div><\/div>\n\n\n\n<p><\/p>\n","protected":false},"excerpt":{"rendered":"<p>DCA \u00d3rg\u00e3o Suplementar de Apoio, diretamente subordinado \u00e0 Reitoria. \u00c9 respons\u00e1vel pelo registro&#8230; ROLE PARA BAIXO Servi\u00e7os R\u00e1pidos Formul\u00e1rios e Requerimentos Legisla\u00e7\u00e3o de Apoio Taxas Calend\u00e1rio Acad\u00eamico Quem Somos? A Diretoria de Controle Acad\u00eamico &#8211; DCA, \u00d3rg\u00e3o Suplementar de Apoio, diretamente subordinado \u00e0 Reitoria. \u00c9 respons\u00e1vel pelo registro, controle e expedi\u00e7\u00e3o de Diplomas, Certificados e &hellip;<\/p>\n<p class=\"read-more\"> <a class=\"\" href=\"https:\/\/dca.uepa.br\/\"> <span class=\"screen-reader-text\">Home<\/span> Leia mais &raquo;<\/a><\/p>\n","protected":false},"author":1,"featured_media":0,"parent":0,"menu_order":0,"comment_status":"closed","ping_status":"closed","template":"","meta":{"_uag_custom_page_level_css":"","site-sidebar-layout":"default","site-content-layout":"","ast-site-content-layout":"default","site-content-style":"default","site-sidebar-style":"default","ast-global-header-display":"","ast-banner-title-visibility":"","ast-main-header-display":"enabled","ast-hfb-above-header-display":"","ast-hfb-below-header-display":"","ast-hfb-mobile-header-display":"","site-post-title":"disabled","ast-breadcrumbs-content":"disabled","ast-featured-img":"disabled","footer-sml-layout":"enabled","theme-transparent-header-meta":"enabled","adv-header-id-meta":"","stick-header-meta":"","header-above-stick-meta":"","header-main-stick-meta":"","header-below-stick-meta":"","astra-migrate-meta-layouts":"set","ast-page-background-enabled":"default","ast-page-background-meta":{"desktop":{"background-color":"var(--ast-global-color-4)","background-image":"","background-repeat":"repeat","background-position":"center center","background-size":"auto","background-attachment":"scroll","background-type":"","background-media":"","overlay-type":"","overlay-color":"","overlay-gradient":""},"tablet":{"background-color":"","background-image":"","background-repeat":"repeat","background-position":"center center","background-size":"auto","background-attachment":"scroll","background-type":"","background-media":"","overlay-type":"","overlay-color":"","overlay-gradient":""},"mobile":{"background-color":"","background-image":"","background-repeat":"repeat","background-position":"center center","background-size":"auto","background-attachment":"scroll","background-type":"","background-media":"","overlay-type":"","overlay-color":"","overlay-gradient":""}},"ast-content-background-meta":{"desktop":{"background-color":"var(--ast-global-color-5)","background-image":"","background-repeat":"repeat","background-position":"center center","background-size":"auto","background-attachment":"scroll","background-type":"","background-media":"","overlay-type":"","overlay-color":"","overlay-gradient":""},"tablet":{"background-color":"var(--ast-global-color-5)","background-image":"","background-repeat":"repeat","background-position":"center center","background-size":"auto","background-attachment":"scroll","background-type":"","background-media":"","overlay-type":"","overlay-color":"","overlay-gradient":""},"mobile":{"background-color":"var(--ast-global-color-5)","background-image":"","background-repeat":"repeat","background-position":"center center","background-size":"auto","background-attachment":"scroll","background-type":"","background-media":"","overlay-type":"","overlay-color":"","overlay-gradient":""}},"footnotes":""},"class_list":["post-897","page","type-page","status-publish","hentry"],"uagb_featured_image_src":{"full":false,"thumbnail":false,"medium":false,"medium_large":false,"large":false,"1536x1536":false,"2048x2048":false},"uagb_author_info":{"display_name":"admin@uepa.br","author_link":"https:\/\/dca.uepa.br\/index.php\/author\/adminuepa-br\/"},"uagb_comment_info":0,"uagb_excerpt":"DCA \u00d3rg\u00e3o Suplementar de Apoio, diretamente subordinado \u00e0 Reitoria. \u00c9 respons\u00e1vel pelo registro&#8230; ROLE PARA BAIXO Servi\u00e7os R\u00e1pidos Formul\u00e1rios e Requerimentos Legisla\u00e7\u00e3o de Apoio Taxas Calend\u00e1rio Acad\u00eamico Quem Somos? A Diretoria de Controle Acad\u00eamico &#8211; DCA, \u00d3rg\u00e3o Suplementar de Apoio, diretamente subordinado \u00e0 Reitoria. \u00c9 respons\u00e1vel pelo registro, controle e expedi\u00e7\u00e3o de Diplomas, Certificados e&hellip;","_links":{"self":[{"href":"https:\/\/dca.uepa.br\/index.php\/wp-json\/wp\/v2\/pages\/897","targetHints":{"allow":["GET"]}}],"collection":[{"href":"https:\/\/dca.uepa.br\/index.php\/wp-json\/wp\/v2\/pages"}],"about":[{"href":"https:\/\/dca.uepa.br\/index.php\/wp-json\/wp\/v2\/types\/page"}],"author":[{"embeddable":true,"href":"https:\/\/dca.uepa.br\/index.php\/wp-json\/wp\/v2\/users\/1"}],"replies":[{"embeddable":true,"href":"https:\/\/dca.uepa.br\/index.php\/wp-json\/wp\/v2\/comments?post=897"}],"version-history":[{"count":23,"href":"https:\/\/dca.uepa.br\/index.php\/wp-json\/wp\/v2\/pages\/897\/revisions"}],"predecessor-version":[{"id":2328,"href":"https:\/\/dca.uepa.br\/index.php\/wp-json\/wp\/v2\/pages\/897\/revisions\/2328"}],"wp:attachment":[{"href":"https:\/\/dca.uepa.br\/index.php\/wp-json\/wp\/v2\/media?parent=897"}],"curies":[{"name":"wp","href":"https:\/\/api.w.org\/{rel}","templated":true}]}}